{"id":29,"date":"2025-06-22T23:48:47","date_gmt":"2025-06-22T23:48:47","guid":{"rendered":"https:\/\/saraness.fr\/?page_id=29"},"modified":"2026-02-26T06:34:30","modified_gmt":"2026-02-26T06:34:30","slug":"la-marque","status":"publish","type":"page","link":"https:\/\/saraness.fr\/en\/la-marque\/","title":{"rendered":"La marque"},"content":{"rendered":"<div data-elementor-type=\"wp-page\" data-elementor-id=\"29\" class=\"elementor elementor-29\" data-elementor-settings=\"{&quot;ha_cmc_init_switcher&quot;:&quot;no&quot;}\">\n\t\t\t\t<div class=\"elementor-element elementor-element-f51c7b4 e-flex e-con-boxed e-con e-parent\" data-id=\"f51c7b4\" data-element_type=\"container\" data-e-type=\"container\" data-settings=\"{&quot;background_background&quot;:&quot;classic&quot;,&quot;_ha_eqh_enable&quot;:false}\">\n\t\t\t\t\t<div class=\"e-con-inner\">\n\t\t\t\t<div class=\"elementor-element elementor-element-cd28ba6 elementor-widget elementor-widget-text-editor\" data-id=\"cd28ba6\" data-element_type=\"widget\" data-e-type=\"widget\" data-widget_type=\"text-editor.default\">\n\t\t\t\t<div class=\"elementor-widget-container\">\n\t\t\t\t\t\t\t\t\t<p>L&rsquo;HISTOIRE<\/p>\t\t\t\t\t\t\t\t<\/div>\n\t\t\t\t<\/div>\n\t\t\t\t<div class=\"elementor-element elementor-element-6896dca elementor-widget elementor-widget-text-editor\" data-id=\"6896dca\" data-element_type=\"widget\" data-e-type=\"widget\" data-widget_type=\"text-editor.default\">\n\t\t\t\t<div class=\"elementor-widget-container\">\n\t\t\t\t\t\t\t\t\t<p data-start=\"312\" data-end=\"626\">N\u00e9e de l\u2019envie de proposer des pi\u00e8ces o\u00f9 le confort rencontre l\u2019\u00e9l\u00e9gance, Saraness imagine des abayas, des ensembles et des kimonos pens\u00e9s pour accompagner les femmes modernes. Nos mod\u00e8les allient confort, allure et finitions soign\u00e9es, pour que vous vous sentiez \u00e0 l\u2019aise tout en \u00e9tant irr\u00e9sistiblement \u00e9l\u00e9gante.<\/p>\t\t\t\t\t\t\t\t<\/div>\n\t\t\t\t<\/div>\n\t\t\t\t\t<\/div>\n\t\t\t\t<\/div>\n\t\t<div class=\"elementor-element elementor-element-12beb73 e-con-full elementor-hidden-desktop elementor-hidden-tablet e-flex e-con e-parent\" data-id=\"12beb73\" data-element_type=\"container\" data-e-type=\"container\" data-settings=\"{&quot;_ha_eqh_enable&quot;:false}\">\n\t\t<div class=\"elementor-element elementor-element-a427ba4 e-con-full e-flex e-con e-child\" data-id=\"a427ba4\" data-element_type=\"container\" data-e-type=\"container\" data-settings=\"{&quot;background_background&quot;:&quot;classic&quot;,&quot;_ha_eqh_enable&quot;:false}\">\n\t\t\t\t<div class=\"elementor-element elementor-element-9a2f312 elementor-widget elementor-widget-text-editor\" data-id=\"9a2f312\" data-element_type=\"widget\" data-e-type=\"widget\" data-widget_type=\"text-editor.default\">\n\t\t\t\t<div class=\"elementor-widget-container\">\n\t\t\t\t\t\t\t\t\t<p>ADD IMAGE HERE<\/p>\t\t\t\t\t\t\t\t<\/div>\n\t\t\t\t<\/div>\n\t\t\t\t<\/div>\n\t\t<div class=\"elementor-element elementor-element-06bc75e e-con-full e-flex e-con e-child\" data-id=\"06bc75e\" data-element_type=\"container\" data-e-type=\"container\" data-settings=\"{&quot;background_background&quot;:&quot;classic&quot;,&quot;_ha_eqh_enable&quot;:false}\">\n\t\t\t\t<div class=\"elementor-element elementor-element-52dab61 elementor-widget elementor-widget-text-editor\" data-id=\"52dab61\" data-element_type=\"widget\" data-e-type=\"widget\" data-widget_type=\"text-editor.default\">\n\t\t\t\t<div class=\"elementor-widget-container\">\n\t\t\t\t\t\t\t\t\t<p>ADD IMAGE HERE<\/p>\t\t\t\t\t\t\t\t<\/div>\n\t\t\t\t<\/div>\n\t\t\t\t<\/div>\n\t\t\t\t<\/div>\n\t\t<div class=\"elementor-element elementor-element-50a372c e-flex e-con-boxed e-con e-parent\" data-id=\"50a372c\" data-element_type=\"container\" data-e-type=\"container\" data-settings=\"{&quot;background_background&quot;:&quot;classic&quot;,&quot;_ha_eqh_enable&quot;:false}\">\n\t\t\t\t\t<div class=\"e-con-inner\">\n\t\t\t\t<div class=\"elementor-element elementor-element-c4dcb26 elementor-widget elementor-widget-text-editor\" data-id=\"c4dcb26\" data-element_type=\"widget\" data-e-type=\"widget\" data-widget_type=\"text-editor.default\">\n\t\t\t\t<div class=\"elementor-widget-container\">\n\t\t\t\t\t\t\t\t\t<p data-start=\"912\" data-end=\"1115\">la marque repr\u00e9sente l\u2019\u00e9l\u00e9gance sans effort. C\u2019est le v\u00eatement que vous enfilez le matin et que vous aimez porter du d\u00e9but \u00e0 la fin de la journ\u00e9e. C\u2019est l\u2019\u00e9quilibre entre confort, style et simplicit\u00e9. Des pi\u00e8ces pens\u00e9es pour accompagner votre rythme, r\u00e9v\u00e9ler votre personnalit\u00e9 et vous offrir cette assurance discr\u00e8te qui fait toute la diff\u00e9rence. Parce que vos v\u00eatements racontent votre histoire, nous souhaitons \u00eatre pr\u00e9sents \u00e0 chaque \u00e9tape de votre parcours.\u00a0<\/p>\t\t\t\t\t\t\t\t<\/div>\n\t\t\t\t<\/div>\n\t\t\t\t<div class=\"elementor-element elementor-element-ec2d49b elementor-align-center animated-slow elementor-invisible elementor-widget elementor-widget-button\" data-id=\"ec2d49b\" data-element_type=\"widget\" data-e-type=\"widget\" data-settings=\"{&quot;_animation&quot;:&quot;fadeIn&quot;,&quot;_animation_mobile&quot;:&quot;fadeInUp&quot;}\" data-widget_type=\"button.default\">\n\t\t\t\t<div class=\"elementor-widget-container\">\n\t\t\t\t\t\t\t\t\t<div class=\"elementor-button-wrapper\">\n\t\t\t\t\t<a class=\"elementor-button elementor-button-link elementor-size-sm\" href=\"#\">\n\t\t\t\t\t\t<span class=\"elementor-button-content-wrapper\">\n\t\t\t\t\t\t\t\t\t<span class=\"elementor-button-text\">D\u00c9COUVREZ NOTRE COLLECTION<\/span>\n\t\t\t\t\t<\/span>\n\t\t\t\t\t<\/a>\n\t\t\t\t<\/div>\n\t\t\t\t\t\t\t\t<\/div>\n\t\t\t\t<\/div>\n\t\t\t\t\t<\/div>\n\t\t\t\t<\/div>\n\t\t<div class=\"elementor-element elementor-element-6eb35b7 e-con-full elementor-hidden-mobile e-flex e-con e-parent\" data-id=\"6eb35b7\" data-element_type=\"container\" data-e-type=\"container\" data-settings=\"{&quot;_ha_eqh_enable&quot;:false}\">\n\t\t<div class=\"elementor-element elementor-element-1d0c1ce e-con-full e-flex e-con e-child\" data-id=\"1d0c1ce\" data-element_type=\"container\" data-e-type=\"container\" data-settings=\"{&quot;_ha_eqh_enable&quot;:false}\">\n\t\t\t\t<\/div>\n\t\t<div class=\"elementor-element elementor-element-52b5e84 e-con-full e-flex e-con e-child\" data-id=\"52b5e84\" data-element_type=\"container\" data-e-type=\"container\" data-settings=\"{&quot;background_background&quot;:&quot;classic&quot;,&quot;_ha_eqh_enable&quot;:false}\">\n\t\t\t\t<div class=\"elementor-element elementor-element-83b6c0e elementor-widget elementor-widget-text-editor\" data-id=\"83b6c0e\" data-element_type=\"widget\" data-e-type=\"widget\" data-widget_type=\"text-editor.default\">\n\t\t\t\t<div class=\"elementor-widget-container\">\n\t\t\t\t\t\t\t\t\t<p>ADD IMAGE HERE<\/p>\t\t\t\t\t\t\t\t<\/div>\n\t\t\t\t<\/div>\n\t\t\t\t<\/div>\n\t\t<div class=\"elementor-element elementor-element-9dbeafa e-con-full e-flex e-con e-child\" data-id=\"9dbeafa\" data-element_type=\"container\" data-e-type=\"container\" data-settings=\"{&quot;background_background&quot;:&quot;classic&quot;,&quot;_ha_eqh_enable&quot;:false}\">\n\t\t\t\t<div class=\"elementor-element elementor-element-04325f4 elementor-widget elementor-widget-text-editor\" data-id=\"04325f4\" data-element_type=\"widget\" data-e-type=\"widget\" data-widget_type=\"text-editor.default\">\n\t\t\t\t<div class=\"elementor-widget-container\">\n\t\t\t\t\t\t\t\t\t<p>ADD IMAGE HERE<\/p>\t\t\t\t\t\t\t\t<\/div>\n\t\t\t\t<\/div>\n\t\t\t\t<\/div>\n\t\t<div class=\"elementor-element elementor-element-eea34e4 e-con-full e-flex e-con e-child\" data-id=\"eea34e4\" data-element_type=\"container\" data-e-type=\"container\" data-settings=\"{&quot;_ha_eqh_enable&quot;:false}\">\n\t\t\t\t<\/div>\n\t\t\t\t<\/div>\n\t\t\t\t<\/div>","protected":false},"excerpt":{"rendered":"<p>L&rsquo;HISTOIRE N\u00e9e de l\u2019envie de proposer des pi\u00e8ces o\u00f9 le confort rencontre l\u2019\u00e9l\u00e9gance, Saraness imagine des abayas, des ensembles et des kimonos pens\u00e9s pour accompagner les femmes modernes. Nos mod\u00e8les allient confort, allure et finitions soign\u00e9es, pour que vous vous sentiez \u00e0 l\u2019aise tout en \u00e9tant irr\u00e9sistiblement \u00e9l\u00e9gante. AJOUTER IMAGE [&hellip;]<\/p>\n","protected":false},"author":2,"featured_media":0,"parent":0,"menu_order":0,"comment_status":"closed","ping_status":"closed","template":"elementor_header_footer","meta":{"footnotes":""},"class_list":["post-29","page","type-page","status-publish","hentry"],"_links":{"self":[{"href":"https:\/\/saraness.fr\/en\/wp-json\/wp\/v2\/pages\/29","targetHints":{"allow":["GET"]}}],"collection":[{"href":"https:\/\/saraness.fr\/en\/wp-json\/wp\/v2\/pages"}],"about":[{"href":"https:\/\/saraness.fr\/en\/wp-json\/wp\/v2\/types\/page"}],"author":[{"embeddable":true,"href":"https:\/\/saraness.fr\/en\/wp-json\/wp\/v2\/users\/2"}],"replies":[{"embeddable":true,"href":"https:\/\/saraness.fr\/en\/wp-json\/wp\/v2\/comments?post=29"}],"version-history":[{"count":22,"href":"https:\/\/saraness.fr\/en\/wp-json\/wp\/v2\/pages\/29\/revisions"}],"predecessor-version":[{"id":429,"href":"https:\/\/saraness.fr\/en\/wp-json\/wp\/v2\/pages\/29\/revisions\/429"}],"wp:attachment":[{"href":"https:\/\/saraness.fr\/en\/wp-json\/wp\/v2\/media?parent=29"}],"curies":[{"name":"wp","href":"https:\/\/api.w.org\/{rel}","templated":true}]}}